{"id":377,"date":"2021-08-20T11:46:55","date_gmt":"2021-08-20T09:46:55","guid":{"rendered":"https:\/\/mdl-leipzig.de\/?page_id=377"},"modified":"2021-11-15T14:02:29","modified_gmt":"2021-11-15T13:02:29","slug":"impressum","status":"publish","type":"page","link":"https:\/\/mdl-leipzig.de\/?page_id=377","title":{"rendered":"Impressum"},"content":{"rendered":"<p>[et_pb_section fb_built=&#8220;1&#8243; _builder_version=&#8220;4.10.2&#8243; _module_preset=&#8220;default&#8220;][et_pb_row _builder_version=&#8220;4.10.2&#8243; _module_preset=&#8220;default&#8220;][et_pb_column _builder_version=&#8220;4.10.2&#8243; _module_preset=&#8220;default&#8220; type=&#8220;4_4&#8243;][et_pb_text _builder_version=&#8220;4.10.2&#8243; _module_preset=&#8220;default&#8220; hover_enabled=&#8220;0&#8243; sticky_enabled=&#8220;0&#8243;]<\/p>\n<p><span><strong>Impressum<\/strong><\/span><\/p>\n<p><strong><\/strong><\/p>\n<p>Diese Internetpr\u00e4senz wird betrieben durch:<\/p>\n<p>Abgeordnete des S\u00e4chsischen Landtages der Alternative f\u00fcr Deutschland Leipzig<\/p>\n<p>Vertreten durch:<\/p>\n<p>Holger Hentschel<br \/>Witttenbergerstr. 15<br \/>04129 Leipzig<br \/>Telefon: 0341\/22389270<br \/>E-Mail: sekretariat@mdl-leipzig.de<\/p>\n<p>Verantwortlich f\u00fcr den Inhalt nach \u00a755 Abs. 2 RStV,<br \/>abgel\u00f6st durch<span>\u00a0<\/span><span>\u00a0\u00a7 18 Abs. 2 MStV<\/span>:<\/p>\n<p>Holger Hentschel<br \/>Witttenbergerstr. 15<br \/>04129 Leipzig<\/p>\n<p>Rechtsform: Politische Partei, nichteingetragener Verein<br \/>USt-Id. Nr.: Keine<\/p>\n<p>Verwendete Bilder und Bildrechte<\/p>\n<p>Alle Bildrechte der auf dieser Domain verwendeten Bilddateien liegen, sofern nicht gesondert gekennzeichnet, ausschlie\u00dflich beim AfD-Kreisverband Leipzig.Alle Bilddateien d\u00fcrfen nicht ohne ausdr\u00fcckliche Genehmigung verwendet werden. Anfragen dieser Art sind an das Sekretariat der AfD Fraktion-Leipzig, an die oben genannte Adresse zu richten.<\/p>\n<p>[\/et_pb_text][\/et_pb_column][\/et_pb_row][\/et_pb_section]<\/p>\n","protected":false},"excerpt":{"rendered":"<p>Impressum Diese Internetpr\u00e4senz wird betrieben durch: Abgeordnete des S\u00e4chsischen Landtages der Alternative f\u00fcr Deutschland Leipzig Vertreten durch: Holger HentschelWitttenbergerstr. 1504129 LeipzigTelefon: 0341\/22389270E-Mail: sekretariat@mdl-leipzig.de Verantwortlich f\u00fcr den Inhalt nach \u00a755 Abs. 2 RStV,abgel\u00f6st durch\u00a0\u00a0\u00a7 18 Abs. 2 MStV: Holger HentschelWitttenbergerstr. 1504129 Leipzig Rechtsform: Politische Partei, nichteingetragener VereinUSt-Id. Nr.: Keine Verwendete Bilder und Bildrechte Alle Bildrechte der [&hellip;]<\/p>\n","protected":false},"author":1,"featured_media":0,"parent":0,"menu_order":0,"comment_status":"closed","ping_status":"closed","template":"","meta":{"_et_pb_use_builder":"on","_et_pb_old_content":"","_et_gb_content_width":"","footnotes":""},"class_list":["post-377","page","type-page","status-publish","hentry"],"_links":{"self":[{"href":"https:\/\/mdl-leipzig.de\/index.php?rest_route=\/wp\/v2\/pages\/377","targetHints":{"allow":["GET"]}}],"collection":[{"href":"https:\/\/mdl-leipzig.de\/index.php?rest_route=\/wp\/v2\/pages"}],"about":[{"href":"https:\/\/mdl-leipzig.de\/index.php?rest_route=\/wp\/v2\/types\/page"}],"author":[{"embeddable":true,"href":"https:\/\/mdl-leipzig.de\/index.php?rest_route=\/wp\/v2\/users\/1"}],"replies":[{"embeddable":true,"href":"https:\/\/mdl-leipzig.de\/index.php?rest_route=%2Fwp%2Fv2%2Fcomments&post=377"}],"version-history":[{"count":2,"href":"https:\/\/mdl-leipzig.de\/index.php?rest_route=\/wp\/v2\/pages\/377\/revisions"}],"predecessor-version":[{"id":381,"href":"https:\/\/mdl-leipzig.de\/index.php?rest_route=\/wp\/v2\/pages\/377\/revisions\/381"}],"wp:attachment":[{"href":"https:\/\/mdl-leipzig.de\/index.php?rest_route=%2Fwp%2Fv2%2Fmedia&parent=377"}],"curies":[{"name":"wp","href":"https:\/\/api.w.org\/{rel}","templated":true}]}}